{"id":141,"date":"2015-01-31T15:29:30","date_gmt":"2015-01-31T15:29:30","guid":{"rendered":"https:\/\/metalurgicabelgrano.com.ar\/web30\/?page_id=141"},"modified":"2015-03-14T13:23:42","modified_gmt":"2015-03-14T13:23:42","slug":"1mas1-ejes","status":"publish","type":"page","link":"https:\/\/metalurgicabelgrano.com.ar\/web30\/nuestros-productos\/productos-quimicos\/semi\/sin-aislacion\/1mas1-ejes\/","title":{"rendered":"1+1 Ejes"},"content":{"rendered":"<div style=\"float: left; width: 50%;\">\n<h4 align=\"left\"><strong>Semirremolque Sin Aislaci\u00f3n 1+1 Ejes<\/strong><\/h4>\n<ul>\n<li><a title=\"Productos Qu\u00edmicos Semirremolque Sin Aislaci\u00f3n 1+1 Ejes\" href=\"https:\/\/metalurgicabelgrano.com.ar\/web30\/productos-quimicos-semi-sin-aislacion-11-ejes\/\">Caracter\u00edsticas T\u00e9cnicas<\/a><\/li>\n<li><a title=\"Fotograf\u00edas: Productos Qu\u00edmicos Semirremolque Sin Aislaci\u00f3n 1+1 Ejes\" href=\"https:\/\/metalurgicabelgrano.com.ar\/web30\/fotografias-productos-quimicos-semirremolque-sin-aislacion-11-ejes\/\">Fotograf\u00edas<\/a><\/li>\n<li><a title=\"Folleto Autoportante: Productos Qu\u00edmicos Semirremolque Sin Aislaci\u00f3n 1+1 Ejes\" href=\"https:\/\/metalurgicabelgrano.com.ar\/folletos\/productos-quimicos\/productos-quimicos-semirremolque-sin-aislacion-1+1ejes-autoportante.pdf\" target=\"_blank\">Folleto Autoportante<\/a><\/li>\n<li><a title=\"Folleto Tronco C\u00f3nico 1: Productos Qu\u00edmicos Semirremolque Sin Aislaci\u00f3n 1+1 Ejes\" href=\"https:\/\/metalurgicabelgrano.com.ar\/folletos\/productos-quimicos\/productos-quimicos-semirremolque-sin-aislacion-1+1ejes-tronco-conico-a.pdf\" target=\"_blank\">Folleto Tronco C\u00f3nico 1<\/a><\/li>\n<li><a title=\"Folleto Tronco C\u00f3nico 2: Productos Qu\u00edmicos Semirremolque Sin Aislaci\u00f3n 1+1 Ejes\" href=\"https:\/\/metalurgicabelgrano.com.ar\/folletos\/productos-quimicos\/productos-quimicos-semirremolque-sin-aislacion-1+1ejes-tronco-conico-b.pdf\" target=\"_blank\">Folleto Tronco C\u00f3nico 2<\/a><\/li>\n<li><a title=\"Folleto Tronco C\u00f3nico 3: Productos Qu\u00edmicos Semirremolque Sin Aislaci\u00f3n 1+1 Ejes\" href=\"https:\/\/metalurgicabelgrano.com.ar\/folletos\/productos-quimicos\/productos-quimicos-semirremolque-sin-aislacion-1+1ejes-tronco-conico-c.pdf\" target=\"_blank\">Folleto Tronco C\u00f3nico 3<\/a><\/li>\n<li><a title=\"Folleto Tronco C\u00f3nico 4: Productos Qu\u00edmicos Semirremolque Sin Aislaci\u00f3n 1+1 Ejes\" href=\"https:\/\/metalurgicabelgrano.com.ar\/folletos\/productos-quimicos\/productos-quimicos-semirremolque-sin-aislacion-1+1ejes-tronco-conico-d.pdf\" target=\"_blank\">Folleto Tronco C\u00f3nico 4<\/a><\/li>\n<li><a title=\"Plano: Productos Qu\u00edmicos Semirremolque Sin Aislaci\u00f3n 1+1 Ejes\" href=\"https:\/\/metalurgicabelgrano.com.ar\/planos\/productos-quimicos\/productos-quimicos-semi-sin-aislacion-1-1ejes.pdf\" target=\"_blank\">Planos<\/a><\/li>\n<\/ul>\n<\/div>\n<div style=\"float: left; width: 50%;\"><img loading=\"lazy\" decoding=\"async\" class=\"alignnone size-medium wp-image-1106\" src=\"https:\/\/metalurgicabelgrano.com.ar\/web30\/wp-content\/uploads\/2015\/01\/img-productos-quimicos-semi-s-aislacion-1-1ejes-002-300x200.jpg\" alt=\"img-productos-quimicos-semi-s-aislacion-1-1ejes-002\" width=\"300\" height=\"200\" srcset=\"https:\/\/metalurgicabelgrano.com.ar\/web30\/wp-content\/uploads\/2015\/01\/img-productos-quimicos-semi-s-aislacion-1-1ejes-002-300x200.jpg 300w, https:\/\/metalurgicabelgrano.com.ar\/web30\/wp-content\/uploads\/2015\/01\/img-productos-quimicos-semi-s-aislacion-1-1ejes-002-480x320.jpg 480w, https:\/\/metalurgicabelgrano.com.ar\/web30\/wp-content\/uploads\/2015\/01\/img-productos-quimicos-semi-s-aislacion-1-1ejes-002-320x213.jpg 320w, https:\/\/metalurgicabelgrano.com.ar\/web30\/wp-content\/uploads\/2015\/01\/img-productos-quimicos-semi-s-aislacion-1-1ejes-002-240x160.jpg 240w, https:\/\/metalurgicabelgrano.com.ar\/web30\/wp-content\/uploads\/2015\/01\/img-productos-quimicos-semi-s-aislacion-1-1ejes-002.jpg 540w\" sizes=\"auto, (max-width: 300px) 100vw, 300px\" \/><\/div>\n<p>&nbsp;<\/p>\n<p>&nbsp;<\/p>\n<p><strong>|<\/strong> <a title=\"Plan Ahorro - Metal\u00fargica Belgrano\" href=\"https:\/\/metalurgicabelgrano.com.ar\/folletos\/metalurgica-belgrano-plan-ahorro.pdf\" target=\"_blank\">Plan Ahorro<\/a> <strong>|<\/strong> <a title=\"Departamento de Calidad - Metal\u00fargica Belgrano\" href=\"https:\/\/metalurgicabelgrano.com.ar\/web30\/departamento-de-calidad\/\">Departamento de Calidad<\/a> <strong>|<\/strong> <a title=\"Departamento de Ventas - Metal\u00fargica Belgrano\" href=\"https:\/\/metalurgicabelgrano.com.ar\/web30\/contactenos\/\">Departamento de Ventas<\/a> <strong>|<\/strong> <a title=\"Suscr\u00edbase - Metal\u00fargica Belgrano\" href=\"https:\/\/metalurgicabelgrano.com.ar\/web30\/suscribase\/\">Suscr\u00edbase<\/a> <strong>|<\/strong><\/p>\n","protected":false},"excerpt":{"rendered":"<p>Semirremolque Sin Aislaci\u00f3n 1+1 Ejes Caracter\u00edsticas T\u00e9cnicas Fotograf\u00edas Folleto Autoportante Folleto Tronco C\u00f3nico 1 Folleto Tronco C\u00f3nico 2 Folleto Tronco C\u00f3nico 3 Folleto Tronco C\u00f3nico 4 Planos &nbsp; &nbsp; | Plan Ahorro | Departamento de Calidad | Departamento de Ventas | Suscr\u00edbase |<\/p>\n","protected":false},"author":1,"featured_media":0,"parent":139,"menu_order":0,"comment_status":"closed","ping_status":"closed","template":"","meta":{"footnotes":""},"class_list":["post-141","page","type-page","status-publish","hentry"],"builder_content":"","_links":{"self":[{"href":"https:\/\/metalurgicabelgrano.com.ar\/web30\/wp-json\/wp\/v2\/pages\/141","targetHints":{"allow":["GET"]}}],"collection":[{"href":"https:\/\/metalurgicabelgrano.com.ar\/web30\/wp-json\/wp\/v2\/pages"}],"about":[{"href":"https:\/\/metalurgicabelgrano.com.ar\/web30\/wp-json\/wp\/v2\/types\/page"}],"author":[{"embeddable":true,"href":"https:\/\/metalurgicabelgrano.com.ar\/web30\/wp-json\/wp\/v2\/users\/1"}],"replies":[{"embeddable":true,"href":"https:\/\/metalurgicabelgrano.com.ar\/web30\/wp-json\/wp\/v2\/comments?post=141"}],"version-history":[{"count":8,"href":"https:\/\/metalurgicabelgrano.com.ar\/web30\/wp-json\/wp\/v2\/pages\/141\/revisions"}],"predecessor-version":[{"id":1114,"href":"https:\/\/metalurgicabelgrano.com.ar\/web30\/wp-json\/wp\/v2\/pages\/141\/revisions\/1114"}],"up":[{"embeddable":true,"href":"https:\/\/metalurgicabelgrano.com.ar\/web30\/wp-json\/wp\/v2\/pages\/139"}],"wp:attachment":[{"href":"https:\/\/metalurgicabelgrano.com.ar\/web30\/wp-json\/wp\/v2\/media?parent=141"}],"curies":[{"name":"wp","href":"https:\/\/api.w.org\/{rel}","templated":true}]}}