{"id":168,"date":"2015-01-31T15:40:34","date_gmt":"2015-01-31T15:40:34","guid":{"rendered":"https:\/\/metalurgicabelgrano.com.ar\/web30\/?page_id=168"},"modified":"2015-03-19T12:57:05","modified_gmt":"2015-03-19T12:57:05","slug":"combustibles-1mas1-ejes","status":"publish","type":"page","link":"https:\/\/metalurgicabelgrano.com.ar\/web30\/nuestros-productos\/combustibles\/semirremolque\/combustibles-1mas1-ejes\/","title":{"rendered":"Combustibles 1+1 Ejes"},"content":{"rendered":"<div style=\"float: left; width: 50%;\">\n<h4 align=\"left\"><strong>Semirremolque 1+1 Ejes para Combustibles<\/strong><\/h4>\n<ul>\n<li><a title=\"Combustibles y Petr\u00f3leos Semirremolque 1+1 Ejes\" href=\"https:\/\/metalurgicabelgrano.com.ar\/web30\/combustibles-semirremolque-11-ejes\/\">Caracter\u00edsticas T\u00e9cnicas<\/a><\/li>\n<li><a title=\"Fotograf\u00edas: Combustibles y Petr\u00f3leos Semirremolque 1+1 Ejes\" href=\"https:\/\/metalurgicabelgrano.com.ar\/web30\/fotografias-combustibles-semirremolque-11-ejes\/\">Fotograf\u00edas<\/a><\/li>\n<li><a title=\"Folleto: Combustibles y Petr\u00f3leos Semirremolque 1+1 Ejes\" href=\"https:\/\/metalurgicabelgrano.com.ar\/folletos\/combustibles\/combustibles-semirremolque-1+1ejes-tronco-conico.pdf\" target=\"_blank\">Folletos<\/a><\/li>\n<li><a title=\"Plano: Combustibles y Petr\u00f3leos Semirremolque 1+1 Ejes\" href=\"https:\/\/metalurgicabelgrano.com.ar\/planos\/combustibles-y-petroleos\/combustible-semi-1+1ejes.pdf\" target=\"_blank\">Planos<\/a><\/li>\n<\/ul>\n<\/div>\n<div style=\"float: left; width: 50%;\"><img loading=\"lazy\" decoding=\"async\" class=\"alignnone size-medium wp-image-1150\" src=\"https:\/\/metalurgicabelgrano.com.ar\/web30\/wp-content\/uploads\/2015\/01\/combustibles-semi-1-1-ejes-02-300x200.jpg\" alt=\"combustibles-semi-1+1-ejes-02\" width=\"300\" height=\"200\" srcset=\"https:\/\/metalurgicabelgrano.com.ar\/web30\/wp-content\/uploads\/2015\/01\/combustibles-semi-1-1-ejes-02-300x200.jpg 300w, https:\/\/metalurgicabelgrano.com.ar\/web30\/wp-content\/uploads\/2015\/01\/combustibles-semi-1-1-ejes-02-480x320.jpg 480w, https:\/\/metalurgicabelgrano.com.ar\/web30\/wp-content\/uploads\/2015\/01\/combustibles-semi-1-1-ejes-02-320x213.jpg 320w, https:\/\/metalurgicabelgrano.com.ar\/web30\/wp-content\/uploads\/2015\/01\/combustibles-semi-1-1-ejes-02-240x160.jpg 240w, https:\/\/metalurgicabelgrano.com.ar\/web30\/wp-content\/uploads\/2015\/01\/combustibles-semi-1-1-ejes-02.jpg 540w\" sizes=\"auto, (max-width: 300px) 100vw, 300px\" \/><\/div>\n<p>&nbsp;<\/p>\n<p>&nbsp;<\/p>\n<p><strong>|<\/strong> <a title=\"Plan Ahorro - Metal\u00fargica Belgrano\" href=\"https:\/\/metalurgicabelgrano.com.ar\/folletos\/metalurgica-belgrano-plan-ahorro.pdf\" target=\"_blank\">Plan Ahorro<\/a> <strong>|<\/strong> <a title=\"Departamento de Calidad - Metal\u00fargica Belgrano\" href=\"https:\/\/metalurgicabelgrano.com.ar\/web30\/departamento-de-calidad\/\">Departamento de Calidad<\/a> <strong>|<\/strong> <a title=\"Departamento de Ventas - Metal\u00fargica Belgrano\" href=\"https:\/\/metalurgicabelgrano.com.ar\/web30\/contactenos\/\">Departamento de Ventas<\/a> <strong>|<\/strong> <a title=\"Suscr\u00edbase - Metal\u00fargica Belgrano\" href=\"https:\/\/metalurgicabelgrano.com.ar\/web30\/suscribase\/\">Suscr\u00edbase<\/a> <strong>|<\/strong><\/p>\n","protected":false},"excerpt":{"rendered":"<p>Semirremolque 1+1 Ejes para Combustibles Caracter\u00edsticas T\u00e9cnicas Fotograf\u00edas Folletos Planos &nbsp; &nbsp; | Plan Ahorro | Departamento de Calidad | Departamento de Ventas | Suscr\u00edbase |<\/p>\n","protected":false},"author":1,"featured_media":0,"parent":166,"menu_order":0,"comment_status":"closed","ping_status":"closed","template":"","meta":{"footnotes":""},"class_list":["post-168","page","type-page","status-publish","hentry"],"builder_content":"","_links":{"self":[{"href":"https:\/\/metalurgicabelgrano.com.ar\/web30\/wp-json\/wp\/v2\/pages\/168","targetHints":{"allow":["GET"]}}],"collection":[{"href":"https:\/\/metalurgicabelgrano.com.ar\/web30\/wp-json\/wp\/v2\/pages"}],"about":[{"href":"https:\/\/metalurgicabelgrano.com.ar\/web30\/wp-json\/wp\/v2\/types\/page"}],"author":[{"embeddable":true,"href":"https:\/\/metalurgicabelgrano.com.ar\/web30\/wp-json\/wp\/v2\/users\/1"}],"replies":[{"embeddable":true,"href":"https:\/\/metalurgicabelgrano.com.ar\/web30\/wp-json\/wp\/v2\/comments?post=168"}],"version-history":[{"count":7,"href":"https:\/\/metalurgicabelgrano.com.ar\/web30\/wp-json\/wp\/v2\/pages\/168\/revisions"}],"predecessor-version":[{"id":1318,"href":"https:\/\/metalurgicabelgrano.com.ar\/web30\/wp-json\/wp\/v2\/pages\/168\/revisions\/1318"}],"up":[{"embeddable":true,"href":"https:\/\/metalurgicabelgrano.com.ar\/web30\/wp-json\/wp\/v2\/pages\/166"}],"wp:attachment":[{"href":"https:\/\/metalurgicabelgrano.com.ar\/web30\/wp-json\/wp\/v2\/media?parent=168"}],"curies":[{"name":"wp","href":"https:\/\/api.w.org\/{rel}","templated":true}]}}