{"id":2420,"date":"2021-04-08T18:50:31","date_gmt":"2021-04-08T18:50:31","guid":{"rendered":"https:\/\/metalurgicabelgrano.com.ar\/web30\/?page_id=2420"},"modified":"2021-05-14T13:03:32","modified_gmt":"2021-05-14T13:03:32","slug":"4-ejes","status":"publish","type":"page","link":"https:\/\/metalurgicabelgrano.com.ar\/web30\/nuestros-productos\/sustancias-alimenticias\/acoplado\/termico\/4-ejes\/","title":{"rendered":"4 Ejes"},"content":{"rendered":"<div class=\"wp-block-columns is-layout-flex wp-container-core-columns-is-layout-9d6595d7 wp-block-columns-is-layout-flex\">\n<div class=\"wp-block-column is-layout-flow wp-block-column-is-layout-flow\">\n<h3>&nbsp;<\/h3>\n<h3>Acoplado T\u00e9rmico 4 Ejes<\/h3>\n<p><a href=\"https:\/\/metalurgicabelgrano.com.ar\/web30\/sustancias-alimenticias-acoplado-termico-4-ejes\/\" target=\"_blank\" rel=\"noopener\">Caracter\u00edsticas T\u00e9cnicas<\/a><br><a href=\"https:\/\/metalurgicabelgrano.com.ar\/web30\/fotografias-sustancias-alimenticias-acoplado-termico-4-ejes\/\" target=\"_blank\" rel=\"noopener\">Fotograf\u00edas<\/a><br><a href=\"https:\/\/metalurgicabelgrano.com.ar\/folletos\/sustancias-alimenticias\/acoplado-tanque-termico-4-ejes-3-cisternas-2020.pdf\" target=\"_blank\" rel=\"noopener\">Folletos<\/a><br><a href=\"https:\/\/metalurgicabelgrano.com.ar\/planos\/sustancias-alimenticias\/plano-acoplado-tanque-termico-4-ejes-3-cisternas-2020.jpg\" target=\"_blank\" rel=\"noopener\">Planos<\/a><\/p>\n<\/div>\n\n\n\n<div class=\"wp-block-column is-vertically-aligned-top is-layout-flow wp-block-column-is-layout-flow\">\n<div class=\"wp-block-image\"><figure class=\"aligncenter size-large\"><img loading=\"lazy\" decoding=\"async\" width=\"300\" height=\"200\" src=\"https:\/\/metalurgicabelgrano.com.ar\/web30\/wp-content\/uploads\/2021\/05\/acoplado-tanque-termico-4-ejes-3-cisternas-perfilb.png\" alt=\"\" class=\"wp-image-2610\" srcset=\"https:\/\/metalurgicabelgrano.com.ar\/web30\/wp-content\/uploads\/2021\/05\/acoplado-tanque-termico-4-ejes-3-cisternas-perfilb.png 300w, https:\/\/metalurgicabelgrano.com.ar\/web30\/wp-content\/uploads\/2021\/05\/acoplado-tanque-termico-4-ejes-3-cisternas-perfilb-240x160.png 240w\" sizes=\"auto, (max-width: 300px) 100vw, 300px\" \/><\/figure><\/div>\n\n\n<\/div>\n<\/div>\n\n<!--themify_builder_content-->\n<div id=\"themify_builder_content-2420\" data-postid=\"2420\" class=\"themify_builder_content themify_builder_content-2420 themify_builder tf_clear\">\n    <\/div>\n<!--\/themify_builder_content-->","protected":false},"excerpt":{"rendered":"<p>&nbsp; Acoplado T\u00e9rmico 4 Ejes Caracter\u00edsticas T\u00e9cnicasFotograf\u00edasFolletosPlanos<\/p>\n","protected":false},"author":2,"featured_media":0,"parent":116,"menu_order":0,"comment_status":"closed","ping_status":"closed","template":"","meta":{"footnotes":""},"class_list":["post-2420","page","type-page","status-publish","hentry"],"builder_content":"","_links":{"self":[{"href":"https:\/\/metalurgicabelgrano.com.ar\/web30\/wp-json\/wp\/v2\/pages\/2420","targetHints":{"allow":["GET"]}}],"collection":[{"href":"https:\/\/metalurgicabelgrano.com.ar\/web30\/wp-json\/wp\/v2\/pages"}],"about":[{"href":"https:\/\/metalurgicabelgrano.com.ar\/web30\/wp-json\/wp\/v2\/types\/page"}],"author":[{"embeddable":true,"href":"https:\/\/metalurgicabelgrano.com.ar\/web30\/wp-json\/wp\/v2\/users\/2"}],"replies":[{"embeddable":true,"href":"https:\/\/metalurgicabelgrano.com.ar\/web30\/wp-json\/wp\/v2\/comments?post=2420"}],"version-history":[{"count":9,"href":"https:\/\/metalurgicabelgrano.com.ar\/web30\/wp-json\/wp\/v2\/pages\/2420\/revisions"}],"predecessor-version":[{"id":2637,"href":"https:\/\/metalurgicabelgrano.com.ar\/web30\/wp-json\/wp\/v2\/pages\/2420\/revisions\/2637"}],"up":[{"embeddable":true,"href":"https:\/\/metalurgicabelgrano.com.ar\/web30\/wp-json\/wp\/v2\/pages\/116"}],"wp:attachment":[{"href":"https:\/\/metalurgicabelgrano.com.ar\/web30\/wp-json\/wp\/v2\/media?parent=2420"}],"curies":[{"name":"wp","href":"https:\/\/api.w.org\/{rel}","templated":true}]}}