{"id":267,"date":"2015-02-04T20:59:20","date_gmt":"2015-02-04T20:59:20","guid":{"rendered":"https:\/\/metalurgicabelgrano.com.ar\/web30\/?page_id=267"},"modified":"2015-03-18T14:28:19","modified_gmt":"2015-03-18T14:28:19","slug":"1-eje","status":"publish","type":"page","link":"https:\/\/metalurgicabelgrano.com.ar\/web30\/nuestros-productos\/sustancias-alimenticias\/semi\/termico\/1-eje\/","title":{"rendered":"1 Eje"},"content":{"rendered":"<div style=\"float: left; width: 50%;\">\n<h4 align=\"left\"><strong>Semirremolque T\u00e9rmico 1 Eje<\/strong><\/h4>\n<ul>\n<li><a title=\"Sustancias Alimenticias Semirremolque T\u00e9rmico 1 Eje\" href=\"https:\/\/metalurgicabelgrano.com.ar\/web30\/sustancias-alimenticias-semi-termico-1-eje\/\">Caracter\u00edsticas T\u00e9cnicas<\/a><\/li>\n<li><a title=\"Fotograf\u00edas: Sustancias Alimenticias Semirremolque T\u00e9rmico 1 Eje\" href=\"https:\/\/metalurgicabelgrano.com.ar\/web30\/fotografias-sustancias-alimenticias-semirremolque-termico-1-eje\/\">Fotograf\u00edas<\/a><\/li>\n<li><a title=\"Folleto: Sustancias Alimenticias Semirremolque T\u00e9rmico 1 Eje\" href=\"https:\/\/metalurgicabelgrano.com.ar\/folletos\/sustancias-alimenticias\/sustancias-alimenticias-semirremolque-termico-2ejes.pdf\" target=\"_blank\">Folletos<\/a><\/li>\n<li><a title=\"Plano: Sustancias Alimenticias Semirremolque 1 Eje\" href=\"https:\/\/metalurgicabelgrano.com.ar\/planos\/sustancias-alimenticias\/sustancias-alimenticias-semi-termico-2-ejes.pdf\" target=\"_blank\">Planos<\/a><\/li>\n<\/ul>\n<\/div>\n<div style=\"float: left; width: 50%;\"><img loading=\"lazy\" decoding=\"async\" class=\"alignnone size-medium wp-image-1078\" src=\"https:\/\/metalurgicabelgrano.com.ar\/web30\/wp-content\/uploads\/2015\/02\/foto-sustancias-alimenticias-semirremolque-termico-1-eje-01-300x200.jpg\" alt=\"foto-sustancias-alimenticias-semirremolque-termico-1-eje-01\" width=\"300\" height=\"200\" srcset=\"https:\/\/metalurgicabelgrano.com.ar\/web30\/wp-content\/uploads\/2015\/02\/foto-sustancias-alimenticias-semirremolque-termico-1-eje-01-300x200.jpg 300w, https:\/\/metalurgicabelgrano.com.ar\/web30\/wp-content\/uploads\/2015\/02\/foto-sustancias-alimenticias-semirremolque-termico-1-eje-01-480x320.jpg 480w, https:\/\/metalurgicabelgrano.com.ar\/web30\/wp-content\/uploads\/2015\/02\/foto-sustancias-alimenticias-semirremolque-termico-1-eje-01-320x213.jpg 320w, https:\/\/metalurgicabelgrano.com.ar\/web30\/wp-content\/uploads\/2015\/02\/foto-sustancias-alimenticias-semirremolque-termico-1-eje-01-240x160.jpg 240w, https:\/\/metalurgicabelgrano.com.ar\/web30\/wp-content\/uploads\/2015\/02\/foto-sustancias-alimenticias-semirremolque-termico-1-eje-01.jpg 540w\" sizes=\"auto, (max-width: 300px) 100vw, 300px\" \/><\/div>\n<p>&nbsp;<\/p>\n<p>&nbsp;<\/p>\n<p><strong>|<\/strong> <a title=\"Plan Ahorro - Metal\u00fargica Belgrano\" href=\"https:\/\/metalurgicabelgrano.com.ar\/folletos\/metalurgica-belgrano-plan-ahorro.pdf\" target=\"_blank\">Plan Ahorro<\/a> <strong>|<\/strong> <a title=\"Departamento de Calidad - Metal\u00fargica Belgrano\" href=\"https:\/\/metalurgicabelgrano.com.ar\/web30\/departamento-de-calidad\/\">Departamento de Calidad<\/a> <strong>|<\/strong> <a title=\"Departamento de Ventas - Metal\u00fargica Belgrano\" href=\"https:\/\/metalurgicabelgrano.com.ar\/web30\/contactenos\/\">Departamento de Ventas<\/a> <strong>|<\/strong> <a title=\"Suscr\u00edbase - Metal\u00fargica Belgrano\" href=\"https:\/\/metalurgicabelgrano.com.ar\/web30\/suscribase\/\">Suscr\u00edbase<\/a> <strong>|<\/strong><\/p>\n","protected":false},"excerpt":{"rendered":"<p>Semirremolque T\u00e9rmico 1 Eje Caracter\u00edsticas T\u00e9cnicas Fotograf\u00edas Folletos Planos &nbsp; &nbsp; | Plan Ahorro | Departamento de Calidad | Departamento de Ventas | Suscr\u00edbase |<\/p>\n","protected":false},"author":1,"featured_media":0,"parent":124,"menu_order":0,"comment_status":"closed","ping_status":"closed","template":"","meta":{"footnotes":""},"class_list":["post-267","page","type-page","status-publish","hentry"],"builder_content":"","_links":{"self":[{"href":"https:\/\/metalurgicabelgrano.com.ar\/web30\/wp-json\/wp\/v2\/pages\/267","targetHints":{"allow":["GET"]}}],"collection":[{"href":"https:\/\/metalurgicabelgrano.com.ar\/web30\/wp-json\/wp\/v2\/pages"}],"about":[{"href":"https:\/\/metalurgicabelgrano.com.ar\/web30\/wp-json\/wp\/v2\/types\/page"}],"author":[{"embeddable":true,"href":"https:\/\/metalurgicabelgrano.com.ar\/web30\/wp-json\/wp\/v2\/users\/1"}],"replies":[{"embeddable":true,"href":"https:\/\/metalurgicabelgrano.com.ar\/web30\/wp-json\/wp\/v2\/comments?post=267"}],"version-history":[{"count":5,"href":"https:\/\/metalurgicabelgrano.com.ar\/web30\/wp-json\/wp\/v2\/pages\/267\/revisions"}],"predecessor-version":[{"id":1278,"href":"https:\/\/metalurgicabelgrano.com.ar\/web30\/wp-json\/wp\/v2\/pages\/267\/revisions\/1278"}],"up":[{"embeddable":true,"href":"https:\/\/metalurgicabelgrano.com.ar\/web30\/wp-json\/wp\/v2\/pages\/124"}],"wp:attachment":[{"href":"https:\/\/metalurgicabelgrano.com.ar\/web30\/wp-json\/wp\/v2\/media?parent=267"}],"curies":[{"name":"wp","href":"https:\/\/api.w.org\/{rel}","templated":true}]}}